{"id":465,"date":"2016-08-23T09:52:05","date_gmt":"2016-08-23T09:52:05","guid":{"rendered":"http:\/\/zplustheme.com\/demo\/construction\/?page_id=7"},"modified":"2022-06-21T03:25:37","modified_gmt":"2022-06-21T03:25:37","slug":"home-3-2","status":"publish","type":"page","link":"https:\/\/asesorandoca.com\/","title":{"rendered":"INICIO"},"content":{"rendered":"<p>[vc_row][vc_column][vc_empty_space]<div id=\"ultimate-heading-1036a050b4271ae4\" class=\"uvc-heading ult-adjust-bottom-margin ultimate-heading-1036a050b4271ae4 uvc-4177 \" data-hspacer=\"no_spacer\"  data-halign=\"center\" style=\"text-align:center\"><div class=\"uvc-heading-spacer no_spacer\" style=\"top\"><\/div><div class=\"uvc-sub-heading ult-responsive\"  data-ultimate-target='.uvc-heading.ultimate-heading-1036a050b4271ae4 .uvc-sub-heading '  data-responsive-json-new='{\"font-size\":\"desktop:40px;\",\"line-height\":\"desktop:45px;\"}'  style=\"font-weight:normal;color:#484848;\"><\/p>\n<h1><span style=\"color: #02477d;\">M\u00e1s acerca de Asesorando<\/span><\/h1>\n<p><\/div><\/div>[vc_row_inner][vc_column_inner][vc_empty_space][\/vc_column_inner][\/vc_row_inner][vc_row_inner css=&#8221;.vc_custom_1472206004293{padding-bottom: 50px !important;}&#8221;][vc_column_inner width=&#8221;1\/2&#8243;][vc_single_image image=&#8221;501&#8243; img_size=&#8221;full&#8221; alignment=&#8221;center&#8221; css_animation=&#8221;appear&#8221; css=&#8221;.vc_custom_1597013067834{margin-bottom: 25px !important;}&#8221;][\/vc_column_inner][vc_column_inner width=&#8221;1\/2&#8243;][vc_empty_space height=&#8221;60px&#8221;][vc_column_text]<\/p>\n<p style=\"text-align: justify;\"><span style=\"color: #02477d;\">Asesorando surge del deseo de dar un servicio personalizado a las empresas guatemaltecas desde su constituci\u00f3n o bien que tengan tiempo de operar pero que buscan maximizar su rentabilidad y mejorar su estructura administrativa, financiera y comercial.<\/span><\/p>\n<p style=\"text-align: justify;\"><span style=\"color: #02477d;\">Contamos con un equipo de profesionales asociados para cubrir las necesidades que el cliente requiera en las \u00e1reas de finanzas, administraci\u00f3n, recurso humano y planeaci\u00f3n estrat\u00e9gica.<\/span><\/p>\n<p>[\/vc_column_text][\/vc_column_inner][\/vc_row_inner][\/vc_column][\/vc_row][vc_row equal_height=&#8221;yes&#8221; content_placement=&#8221;middle&#8221; bg_type=&#8221;image&#8221; parallax_style=&#8221;vcpb-vz-jquery&#8221; bg_image_new=&#8221;id^500|url^https:\/\/asesorandoca.com\/wp-content\/uploads\/2020\/08\/bg3.jpg|caption^null|alt^null|title^bg3|description^null&#8221; bg_override=&#8221;full&#8221; css=&#8221;.vc_custom_1597013009723{padding-top: 100px !important;padding-bottom: 100px !important;}&#8221;][vc_column width=&#8221;1\/2&#8243;]<div id=\"ultimate-heading-32466a050b4271b3a\" class=\"uvc-heading ult-adjust-bottom-margin ultimate-heading-32466a050b4271b3a uvc-314 \" data-hspacer=\"no_spacer\"  data-halign=\"left\" style=\"text-align:left\"><div class=\"uvc-heading-spacer no_spacer\" style=\"top\"><\/div><div class=\"uvc-sub-heading ult-responsive\"  data-ultimate-target='.uvc-heading.ultimate-heading-32466a050b4271b3a .uvc-sub-heading '  data-responsive-json-new='{\"font-size\":\"desktop:40px;\",\"line-height\":\"desktop:45px;\"}'  style=\"font-weight:normal;color:#484848;\"><\/p>\n<h1><span style=\"color: #ffffff;\">Nuestra Misi\u00f3n<\/span><\/h1>\n<p><\/div><\/div>[vc_column_text]<\/p>\n<h3 style=\"text-align: justify;\"><span style=\"color: #ffffff;\">Brindar asesor\u00eda y soluciones integrales a las necesidades financieras, administrativas y estrat\u00e9gicas de empresas y personas.<\/span><\/h3>\n<p>[\/vc_column_text][\/vc_column][vc_column css_animation=&#8221;fadeIn&#8221; width=&#8221;1\/2&#8243;][vc_row_inner][vc_column_inner width=&#8221;1\/4&#8243;][\/vc_column_inner][vc_column_inner width=&#8221;1\/2&#8243; css=&#8221;.vc_custom_1504847119061{border-top-width: 20px !important;border-right-width: 20px !important;border-bottom-width: 20px !important;border-left-width: 20px !important;padding-top: -20px !important;padding-right: 30px !important;padding-bottom: 50px !important;padding-left: 30px !important;border-left-color: #ffffff !important;border-left-style: solid !important;border-right-color: #ffffff !important;border-right-style: solid !important;border-top-color: #ffffff !important;border-top-style: solid !important;border-bottom-color: #ffffff !important;border-bottom-style: solid !important;}&#8221;][apress_heading sub_title=&#8221;M\u00e1s de 20 a\u00f1os de experiencia&#8221; delimiter_line_height=&#8221;2&#8243; delimiter_line_width=&#8221;80&#8243; color_scheme=&#8221;design_your_own&#8221; main_heading_color=&#8221;#ffffff&#8221; style=&#8221;heading_style1&#8243; delimiter_line_color=&#8221;#ffffff&#8221; title_font_options=&#8221;tag:h2|font_size:90|line_height:200|letter_spacing:5&#8243; subtitle_font_options=&#8221;tag:h2|color:%23ffffff&#8221; subheading_margin=&#8221;margin-top:20&#8243;]<\/p>\n<p style=\"text-align: center;\">+20<\/p>\n<p>[\/apress_heading][\/vc_column_inner][vc_column_inner width=&#8221;1\/4&#8243;][\/vc_column_inner][\/vc_row_inner][\/vc_column][\/vc_row][vc_row][vc_column css=&#8221;.vc_custom_1472210598152{padding-top: 96px !important;}&#8221;]<div id=\"ultimate-heading-61506a050b4271b6d\" class=\"uvc-heading ult-adjust-bottom-margin ultimate-heading-61506a050b4271b6d uvc-6514 \" data-hspacer=\"no_spacer\"  data-halign=\"center\" style=\"text-align:center\"><div class=\"uvc-heading-spacer no_spacer\" style=\"top\"><\/div><div class=\"uvc-sub-heading ult-responsive\"  data-ultimate-target='.uvc-heading.ultimate-heading-61506a050b4271b6d .uvc-sub-heading '  data-responsive-json-new='{\"font-size\":\"desktop:40px;\",\"line-height\":\"desktop:45px;\"}'  style=\"font-weight:normal;color:#484848;\"><\/p>\n<h1><span style=\"color: #02477d;\">Algunos de nuestros clientes:<\/span><\/h1>\n<p><\/div><\/div>[vc_row_inner gap=&#8221;20&#8243; css=&#8221;.vc_custom_1472217279830{padding-bottom: 70px !important;}&#8221;][vc_column_inner width=&#8221;1\/6&#8243; css=&#8221;.vc_custom_1472217091343{border: 1px solid #dbdbdb !important;}&#8221;][vc_single_image image=&#8221;8271&#8243; img_size=&#8221;full&#8221; alignment=&#8221;center&#8221; css_animation=&#8221;appear&#8221;][\/vc_column_inner][vc_column_inner width=&#8221;1\/6&#8243; css=&#8221;.vc_custom_1472217107765{border: 1px solid #dbdbdb !important;}&#8221;][vc_single_image image=&#8221;8290&#8243; img_size=&#8221;full&#8221; alignment=&#8221;center&#8221; css_animation=&#8221;appear&#8221;][\/vc_column_inner][vc_column_inner width=&#8221;1\/6&#8243; css=&#8221;.vc_custom_1472217123837{border: 1px solid #dbdbdb !important;}&#8221;][vc_single_image image=&#8221;8291&#8243; img_size=&#8221;full&#8221; alignment=&#8221;center&#8221; css_animation=&#8221;appear&#8221;][\/vc_column_inner][vc_column_inner width=&#8221;1\/6&#8243; css=&#8221;.vc_custom_1472217141276{border: 1px solid #dbdbdb !important;}&#8221;][vc_single_image image=&#8221;8288&#8243; img_size=&#8221;full&#8221; alignment=&#8221;center&#8221; css_animation=&#8221;appear&#8221;][\/vc_column_inner][vc_column_inner width=&#8221;1\/6&#8243; css=&#8221;.vc_custom_1472217159918{border-top-width: 1px !important;border-right-width: 1px !important;border-bottom-width: 1px !important;border-left-width: 1px !important;border-left-color: #dbdbdb !important;border-left-style: solid !important;border-right-color: #dbdbdb !important;border-right-style: solid !important;border-top-color: #dbdbdb !important;border-top-style: solid !important;border-bottom-color: #dbdbdb !important;border-bottom-style: solid !important;}&#8221;][vc_single_image image=&#8221;8285&#8243; img_size=&#8221;full&#8221; alignment=&#8221;center&#8221; css_animation=&#8221;appear&#8221;][\/vc_column_inner][vc_column_inner width=&#8221;1\/6&#8243; css=&#8221;.vc_custom_1472217178114{border: 1px solid #dbdbdb !important;}&#8221;][vc_single_image image=&#8221;8289&#8243; img_size=&#8221;full&#8221; alignment=&#8221;center&#8221; css_animation=&#8221;appear&#8221;][\/vc_column_inner][\/vc_row_inner][vc_row_inner gap=&#8221;20&#8243; css=&#8221;.vc_custom_1472217279830{padding-bottom: 70px !important;}&#8221;][vc_column_inner width=&#8221;1\/6&#8243; css=&#8221;.vc_custom_1472217091343{border: 1px solid #dbdbdb !important;}&#8221;][vc_single_image image=&#8221;8287&#8243; img_size=&#8221;full&#8221; alignment=&#8221;center&#8221; css_animation=&#8221;appear&#8221;][\/vc_column_inner][vc_column_inner width=&#8221;1\/6&#8243; css=&#8221;.vc_custom_1472217107765{border: 1px solid #dbdbdb !important;}&#8221;][vc_single_image image=&#8221;8304&#8243; img_size=&#8221;full&#8221; alignment=&#8221;center&#8221; css_animation=&#8221;appear&#8221;][\/vc_column_inner][vc_column_inner width=&#8221;1\/6&#8243; css=&#8221;.vc_custom_1472217123837{border: 1px solid #dbdbdb !important;}&#8221;][vc_single_image image=&#8221;8286&#8243; img_size=&#8221;full&#8221; alignment=&#8221;center&#8221; css_animation=&#8221;appear&#8221;][\/vc_column_inner][vc_column_inner width=&#8221;1\/6&#8243; css=&#8221;.vc_custom_1472217141276{border: 1px solid #dbdbdb !important;}&#8221;][vc_single_image image=&#8221;8293&#8243; img_size=&#8221;full&#8221; alignment=&#8221;center&#8221; css_animation=&#8221;appear&#8221;][\/vc_column_inner][vc_column_inner width=&#8221;1\/6&#8243; css=&#8221;.vc_custom_1472217159918{border-top-width: 1px !important;border-right-width: 1px !important;border-bottom-width: 1px !important;border-left-width: 1px !important;border-left-color: #dbdbdb !important;border-left-style: solid !important;border-right-color: #dbdbdb !important;border-right-style: solid !important;border-top-color: #dbdbdb !important;border-top-style: solid !important;border-bottom-color: #dbdbdb !important;border-bottom-style: solid !important;}&#8221;][vc_single_image image=&#8221;8294&#8243; img_size=&#8221;full&#8221; alignment=&#8221;center&#8221; css_animation=&#8221;appear&#8221;][\/vc_column_inner][vc_column_inner width=&#8221;1\/6&#8243; css=&#8221;.vc_custom_1472217178114{border: 1px solid #dbdbdb !important;}&#8221;][vc_single_image image=&#8221;8295&#8243; img_size=&#8221;full&#8221; alignment=&#8221;center&#8221; css_animation=&#8221;appear&#8221;][\/vc_column_inner][\/vc_row_inner][vc_row_inner gap=&#8221;20&#8243; css=&#8221;.vc_custom_1472217279830{padding-bottom: 70px !important;}&#8221;][vc_column_inner width=&#8221;1\/5&#8243; css=&#8221;.vc_custom_1597690101074{border-top-width: 1px !important;border-right-width: 1px !important;border-bottom-width: 1px !important;border-left-width: 1px !important;border-left-color: #dbdbdb !important;border-left-style: none !important;border-right-color: #dbdbdb !important;border-right-style: none !important;border-top-color: #dbdbdb !important;border-top-style: none !important;border-bottom-color: #dbdbdb !important;border-bottom-style: none !important;}&#8221;][\/vc_column_inner][vc_column_inner width=&#8221;1\/5&#8243; css=&#8221;.vc_custom_1472217107765{border: 1px solid #dbdbdb !important;}&#8221;][vc_single_image image=&#8221;8296&#8243; img_size=&#8221;full&#8221; alignment=&#8221;center&#8221; css_animation=&#8221;appear&#8221;][\/vc_column_inner][vc_column_inner width=&#8221;1\/5&#8243; css=&#8221;.vc_custom_1472217123837{border: 1px solid #dbdbdb !important;}&#8221;][vc_single_image image=&#8221;8298&#8243; img_size=&#8221;full&#8221; alignment=&#8221;center&#8221; css_animation=&#8221;appear&#8221;][\/vc_column_inner][vc_column_inner width=&#8221;1\/5&#8243; css=&#8221;.vc_custom_1472217141276{border: 1px solid #dbdbdb !important;}&#8221;][vc_single_image image=&#8221;8297&#8243; img_size=&#8221;full&#8221; alignment=&#8221;center&#8221; css_animation=&#8221;appear&#8221;][\/vc_column_inner][vc_column_inner width=&#8221;1\/5&#8243; css=&#8221;.vc_custom_1597690108573{border-top-width: 1px !important;border-right-width: 1px !important;border-bottom-width: 1px !important;border-left-width: 1px !important;border-left-color: #dbdbdb !important;border-left-style: none !important;border-right-color: #dbdbdb !important;border-right-style: none !important;border-top-color: #dbdbdb !important;border-top-style: none !important;border-bottom-color: #dbdbdb !important;border-bottom-style: none !important;}&#8221;][\/vc_column_inner][\/vc_row_inner][\/vc_column][\/vc_row][vc_row bg_type=&#8221;bg_color&#8221; bg_override=&#8221;full&#8221; bg_color_value=&#8221;#f2f2f2&#8243;][vc_column]<div id=\"ultimate-heading-50606a050b4271b9c\" class=\"uvc-heading ult-adjust-bottom-margin ultimate-heading-50606a050b4271b9c uvc-8271 \" data-hspacer=\"no_spacer\"  data-halign=\"center\" style=\"text-align:center\"><div class=\"uvc-heading-spacer no_spacer\" style=\"top\"><\/div><div class=\"uvc-sub-heading ult-responsive\"  data-ultimate-target='.uvc-heading.ultimate-heading-50606a050b4271b9c .uvc-sub-heading '  data-responsive-json-new='{\"font-size\":\"desktop:40px;\",\"line-height\":\"desktop:45px;\"}'  style=\"font-weight:normal;color:#484848;\"><\/p>\n<h1><span style=\"color: #02477d;\">Cont\u00e1ctenos ser\u00e1 un placer asesorarle<\/span><\/h1>\n<p><\/div><\/div>\r\n<!--zolo calltoaction Row Start-->\r\n\r\n<div id=\"apress_contactform_1\" class=\"apress_contactform fullwidth_buttton noanimation\" data-animation =\"No Animation\" data-delay =\"500\"> \r\n\t<div role=\"form\" class=\"wpcf7\" id=\"wpcf7-f441-o1\" lang=\"en-US\" dir=\"ltr\">\n<div class=\"screen-reader-response\" role=\"alert\" aria-live=\"polite\"><\/div>\n<form action=\"\/index.php\/wp-json\/wp\/v2\/pages\/465#wpcf7-f441-o1\" method=\"post\" class=\"wpcf7-form init\" novalidate=\"novalidate\">\n<div style=\"display: none;\">\n<input type=\"hidden\" name=\"_wpcf7\" value=\"441\" \/>\n<input type=\"hidden\" name=\"_wpcf7_version\" value=\"5.2.1\" \/>\n<input type=\"hidden\" name=\"_wpcf7_locale\" value=\"en_US\" \/>\n<input type=\"hidden\" name=\"_wpcf7_unit_tag\" value=\"wpcf7-f441-o1\" \/>\n<input type=\"hidden\" name=\"_wpcf7_container_post\" value=\"0\" \/>\n<input type=\"hidden\" name=\"_wpcf7_posted_data_hash\" value=\"\" \/>\n<\/div>\n<ul class=\"contact_form zt_input_icon medium_buttton\">\n<li class=\"one_half\"><span class=\"wpcf7-form-control-wrap your-name\"><input type=\"text\" name=\"your-name\" value=\"\" size=\"40\" class=\"wpcf7-form-control wpcf7-text wpcf7-validates-as-required\" aria-required=\"true\" aria-invalid=\"false\" placeholder=\"Nombre\" \/><\/span> <\/li>\n<li class=\"one_half\"><span class=\"wpcf7-form-control-wrap your-email\"><input type=\"email\" name=\"your-email\" value=\"\" size=\"40\" class=\"wpcf7-form-control wpcf7-text wpcf7-email wpcf7-validates-as-required wpcf7-validates-as-email\" aria-required=\"true\" aria-invalid=\"false\" placeholder=\"Email\" \/><\/span> <\/li>\n<li class=\"one_half\"><span class=\"wpcf7-form-control-wrap your-subject\"><input type=\"text\" name=\"your-subject\" value=\"\" size=\"40\" class=\"wpcf7-form-control wpcf7-text\" aria-invalid=\"false\" placeholder=\"Asunto\" \/><\/span> <\/li>\n<li class=\"one_half\"><span class=\"wpcf7-form-control-wrap your-tel\"><input type=\"text\" name=\"your-tel\" value=\"\" size=\"40\" class=\"wpcf7-form-control wpcf7-text\" aria-invalid=\"false\" placeholder=\"Tel\u00e9fono\" \/><\/span> <\/li>\n<li><span class=\"wpcf7-form-control-wrap your-message\"><textarea name=\"your-message\" cols=\"40\" rows=\"10\" class=\"wpcf7-form-control wpcf7-textarea\" aria-invalid=\"false\" placeholder=\"Mensaje\"><\/textarea><\/span> <\/li>\n<li><input type=\"submit\" value=\"Enviar\" class=\"wpcf7-form-control wpcf7-submit\" \/><\/li>\n<\/ul>\n<div class=\"wpcf7-response-output\" role=\"alert\" aria-hidden=\"true\"><\/div><\/form><\/div> \r\n<\/div>\r\n[\/vc_column][\/vc_row]<\/p>\n","protected":false},"excerpt":{"rendered":"<p>[vc_row][vc_column][vc_empty_space][vc_row_inner][vc_column_inner][vc_empty_space][\/vc_column_inner][\/vc_row_inner][vc_row_inner css=&#8221;.vc_custom_1472206004293{padding-bottom: 50px !important;}&#8221;][vc_column_inner width=&#8221;1\/2&#8243;][vc_single_image image=&#8221;501&#8243; img_size=&#8221;full&#8221; alignment=&#8221;center&#8221; css_animation=&#8221;appear&#8221; css=&#8221;.vc_custom_1597013067834{margin-bottom: 25px !important;}&#8221;][\/vc_column_inner][vc_column_inner width=&#8221;1\/2&#8243;][vc_empty_space height=&#8221;60px&#8221;][vc_column_text] Asesorando surge del deseo de dar un servicio personalizado a las empresas guatemaltecas desde su constituci\u00f3n o bien que tengan tiempo de operar pero que buscan&hellip;<\/p>\n","protected":false},"author":3,"featured_media":0,"parent":0,"menu_order":0,"comment_status":"closed","ping_status":"closed","template":"","meta":{"footnotes":""},"_links":{"self":[{"href":"https:\/\/asesorandoca.com\/index.php\/wp-json\/wp\/v2\/pages\/465"}],"collection":[{"href":"https:\/\/asesorandoca.com\/index.php\/wp-json\/wp\/v2\/pages"}],"about":[{"href":"https:\/\/asesorandoca.com\/index.php\/wp-json\/wp\/v2\/types\/page"}],"author":[{"embeddable":true,"href":"https:\/\/asesorandoca.com\/index.php\/wp-json\/wp\/v2\/users\/3"}],"replies":[{"embeddable":true,"href":"https:\/\/asesorandoca.com\/index.php\/wp-json\/wp\/v2\/comments?post=465"}],"version-history":[{"count":15,"href":"https:\/\/asesorandoca.com\/index.php\/wp-json\/wp\/v2\/pages\/465\/revisions"}],"predecessor-version":[{"id":8306,"href":"https:\/\/asesorandoca.com\/index.php\/wp-json\/wp\/v2\/pages\/465\/revisions\/8306"}],"wp:attachment":[{"href":"https:\/\/asesorandoca.com\/index.php\/wp-json\/wp\/v2\/media?parent=465"}],"curies":[{"name":"wp","href":"https:\/\/api.w.org\/{rel}","templated":true}]}}